{"id":1383,"date":"2026-01-19T09:21:04","date_gmt":"2026-01-19T09:21:04","guid":{"rendered":"https:\/\/kohsamuiatv.com\/ueber-uns\/"},"modified":"2026-03-26T03:51:43","modified_gmt":"2026-03-26T03:51:43","slug":"ueber-uns","status":"publish","type":"page","link":"https:\/\/kohsamuiatv.com\/de\/ueber-uns\/","title":{"rendered":"\u00dcber uns"},"content":{"rendered":"\t\t<div data-elementor-type=\"wp-page\" data-elementor-id=\"1383\" class=\"elementor elementor-1383 elementor-178\" data-elementor-post-type=\"page\">\n\t\t\t\t<div class=\"elementor-element elementor-element-ebc8505 e-flex e-con-boxed e-con e-parent\" data-id=\"ebc8505\" data-element_type=\"container\" data-e-type=\"container\" data-settings=\"{&quot;background_background&quot;:&quot;classic&quot;}\">\n\t\t\t\t\t<div class=\"e-con-inner\">\n\t\t<div class=\"elementor-element elementor-element-5445230 e-flex e-con-boxed e-con e-child\" data-id=\"5445230\" data-element_type=\"container\" data-e-type=\"container\">\n\t\t\t\t\t<div class=\"e-con-inner\">\n\t\t\t\t<div class=\"elementor-element elementor-element-25ad213 elementor-widget__width-initial elementor-widget-tablet__width-initial elementor-widget elementor-widget-image-box\" data-id=\"25ad213\" data-element_type=\"widget\" data-e-type=\"widget\" data-widget_type=\"image-box.default\">\n\t\t\t\t\t<div class=\"elementor-image-box-wrapper\"><div class=\"elementor-image-box-content\"><h2 class=\"elementor-image-box-title\">\u00dcber Trail Blazers Quad-Touren Koh Samui<\/h2><p class=\"elementor-image-box-description\">Trail Blazers ATV Tours Koh Samui ist ein lokaler Anbieter f\u00fcr ATV- und Quad-Touren auf der Insel und bietet gef\u00fchrte Offroad-Abenteuer durch den Dschungel, \u00fcber H\u00fcgel und zu malerischen Aussichtspunkten auf Koh Samui. Unsere Touren sind f\u00fcr Reisende konzipiert, die die Insel abseits der Str\u00e4nde auf sichere und aufregende Weise erkunden m\u00f6chten.<\/p><\/div><\/div>\t\t\t\t<\/div>\n\t\t\t\t\t<\/div>\n\t\t\t\t<\/div>\n\t\t\t\t\t<\/div>\n\t\t\t\t<\/div>\n\t\t<div class=\"elementor-element elementor-element-b4c1b0a e-flex e-con-boxed e-con e-parent\" data-id=\"b4c1b0a\" data-element_type=\"container\" data-e-type=\"container\">\n\t\t\t\t\t<div class=\"e-con-inner\">\n\t\t<div class=\"elementor-element elementor-element-b553e11 e-con-full e-flex e-con e-child\" data-id=\"b553e11\" data-element_type=\"container\" data-e-type=\"container\" data-settings=\"{&quot;background_background&quot;:&quot;classic&quot;}\">\n\t\t\t\t<div class=\"elementor-element elementor-element-72495e9 elementor-widget elementor-widget-spacer\" data-id=\"72495e9\" data-element_type=\"widget\" data-e-type=\"widget\" data-widget_type=\"spacer.default\">\n\t\t\t\t\t\t\t<div class=\"elementor-spacer\">\n\t\t\t<div class=\"elementor-spacer-inner\"><\/div>\n\t\t<\/div>\n\t\t\t\t\t\t<\/div>\n\t\t\t\t<\/div>\n\t\t<div class=\"elementor-element elementor-element-5455b73 e-con-full e-flex e-con e-child\" data-id=\"5455b73\" data-element_type=\"container\" data-e-type=\"container\">\n\t\t\t\t<div class=\"elementor-element elementor-element-4a19309 elementor-widget__width-initial elementor-widget elementor-widget-heading\" data-id=\"4a19309\" data-element_type=\"widget\" data-e-type=\"widget\" data-widget_type=\"heading.default\">\n\t\t\t\t\t<h1 class=\"elementor-heading-title elementor-size-default\">Lokaler Anbieter f\u00fcr Quad-Touren auf Koh Samui<\/h1>\t\t\t\t<\/div>\n\t\t\t\t<div class=\"elementor-element elementor-element-6eec7c6 elementor-widget__width-initial elementor-widget elementor-widget-text-editor\" data-id=\"6eec7c6\" data-element_type=\"widget\" data-e-type=\"widget\" data-widget_type=\"text-editor.default\">\n\t\t\t\t\t\t\t\t\t<p data-start=\"881\" data-end=\"1166\">Als lokal gef\u00fchrtes Unternehmen kennen wir die Landschaften und versteckten Pfade von Koh Samui in- und auswendig. Unsere Quad-Routen f\u00fchren Sie \u00fcber tropische Dschungelpfade, durch Kokosnussplantagen und \u00fcber Bergwege mit Panoramablick auf das Meer und zeigen Ihnen die nat\u00fcrliche Sch\u00f6nheit der Insel abseits der \u00fcberf\u00fcllten Touristenhochburgen.<\/p>\n<p data-start=\"1168\" data-end=\"1328\">Wir decken die wichtigsten Regionen von Koh Samui ab, darunter <strong data-start=\"1220\" data-end=\"1279\">Lamai, Chaweng, Bophut und Maenam. F\u00fcr die meisten Standorte<\/strong> bieten wir eine bequeme Abholung direkt vom Hotel an.<\/p>\n\t\t\t\t\t\t\t\t<\/div>\n\t\t\t\t<div class=\"elementor-element elementor-element-a66792d elementor-widget__width-initial elementor-widget elementor-widget-heading\" data-id=\"a66792d\" data-element_type=\"widget\" data-e-type=\"widget\" data-widget_type=\"heading.default\">\n\t\t\t\t\t<h3 class=\"elementor-heading-title elementor-size-default\">Sicherheit, Qualit\u00e4t &amp; professionelle Guides<\/h3>\t\t\t\t<\/div>\n\t\t\t\t<div class=\"elementor-element elementor-element-7eed159 elementor-widget__width-initial elementor-widget elementor-widget-text-editor\" data-id=\"7eed159\" data-element_type=\"widget\" data-e-type=\"widget\" data-widget_type=\"text-editor.default\">\n\t\t\t\t\t\t\t\t\t<p>Sicherheit steht bei uns an erster Stelle. Alle Fahrer erhalten eine umfassende Sicherheitseinweisung, Helme werden bereitgestellt und unsere Quads werden f\u00fcr eine optimale Offroad-Leistung regelm\u00e4\u00dfig gewartet. Unsere erfahrenen, englischsprachigen Guides f\u00fchren jede Tour, um Anf\u00e4ngern wie auch ge\u00fcbten Fahrern ein unbeschwertes und erlebnisreiches Fahrvergn\u00fcgen zu garantieren.<\/p>\n\t\t\t\t\t\t\t\t<\/div>\n\t\t\t\t<div class=\"elementor-element elementor-element-6fe493c elementor-widget__width-initial elementor-widget elementor-widget-heading\" data-id=\"6fe493c\" data-element_type=\"widget\" data-e-type=\"widget\" data-widget_type=\"heading.default\">\n\t\t\t\t\t<h2 class=\"elementor-heading-title elementor-size-default\">Warum sollten Sie sich f\u00fcr Trail Blazers Quad-Touren Koh Samui entscheiden?<\/h2>\t\t\t\t<\/div>\n\t\t\t\t<div class=\"elementor-element elementor-element-5cd84e3 elementor-widget__width-initial elementor-widget elementor-widget-text-editor\" data-id=\"5cd84e3\" data-element_type=\"widget\" data-e-type=\"widget\" data-widget_type=\"text-editor.default\">\n\t\t\t\t\t\t\t\t\t<p data-start=\"1736\" data-end=\"1774\"><span style=\"color: #f28c0f;\">\u2713 <\/span>Lokaler Anbieter von Quad-Touren auf Koh Samui<\/p>\n<p data-start=\"1736\" data-end=\"1774\"><span style=\"color: #f28c0f;\">\u2713 <\/span>Malerische Dschungel- und Bergrouten<\/p>\n<p data-start=\"1815\" data-end=\"1851\"><span style=\"color: #f28c0f;\">\u2713 <\/span>Gef\u00fchrte, anf\u00e4ngerfreundliche Touren<\/p>\n<p data-start=\"1854\" data-end=\"1895\"><span style=\"color: #f28c0f;\">\u2713 <\/span>Hohe Sicherheitsstandards und zuverl\u00e4ssige Quads<\/p>\n<p data-start=\"1898\" data-end=\"1940\"><span style=\"color: #f28c0f;\">\u2713 <\/span>Kleine Gruppen und ein individuelles Erlebnis<\/p>\n\t\t\t\t\t\t\t\t<\/div>\n\t\t\t\t<\/div>\n\t\t\t\t\t<\/div>\n\t\t\t\t<\/div>\n\t\t<div class=\"elementor-element elementor-element-386a63a e-grid e-con-boxed e-con e-parent\" data-id=\"386a63a\" data-element_type=\"container\" data-e-type=\"container\">\n\t\t\t\t\t<div class=\"e-con-inner\">\n\t\t<div class=\"elementor-element elementor-element-df2413a e-con-full e-flex e-con e-child\" data-id=\"df2413a\" data-element_type=\"container\" data-e-type=\"container\">\n\t\t\t\t<div class=\"elementor-element elementor-element-4763f94 elementor-widget__width-initial elementor-widget elementor-widget-heading\" data-id=\"4763f94\" data-element_type=\"widget\" data-e-type=\"widget\" data-widget_type=\"heading.default\">\n\t\t\t\t\t<h2 class=\"elementor-heading-title elementor-size-default\">Direktbuchung und Kontakt<\/h2>\t\t\t\t<\/div>\n\t\t\t\t<div class=\"elementor-element elementor-element-97efa41 elementor-widget__width-initial elementor-widget elementor-widget-text-editor\" data-id=\"97efa41\" data-element_type=\"widget\" data-e-type=\"widget\" data-widget_type=\"text-editor.default\">\n\t\t\t\t\t\t\t\t\t<p>Sind Sie bereit f\u00fcr Ihr Quad-Abenteuer auf Koh Samui? Kontaktieren Sie uns direkt f\u00fcr schnelle Antworten, aktuelle Verf\u00fcgbarkeiten und eine unkomplizierte Buchung. Sie erreichen uns \u00fcber WhatsApp oder das Kontaktformular. Pr\u00fcfen Sie unsere Abholzonen und finden Sie unseren Standort auf Google Maps f\u00fcr einen reibungslosen, stressfreien Ablauf.<\/p>\n\t\t\t\t\t\t\t\t<\/div>\n\t\t\t\t<div class=\"elementor-element elementor-element-14e4514 elementor-align-left elementor-widget__width-auto elementor-mobile-align-justify elementor-widget elementor-widget-button\" data-id=\"14e4514\" data-element_type=\"widget\" data-e-type=\"widget\" data-widget_type=\"button.default\">\n\t\t\t\t\t\t\t\t\t\t<a class=\"elementor-button elementor-button-link elementor-size-sm\" href=\"https:\/\/api.whatsapp.com\/send?phone=+66925459163\" target=\"_blank\" rel=\"noopener\">\n\t\t\t\t\t\t<span class=\"elementor-button-content-wrapper\">\n\t\t\t\t\t\t\t\t\t<span class=\"elementor-button-text\">Buchung per WhatsApp<\/span>\n\t\t\t\t\t<\/span>\n\t\t\t\t\t<\/a>\n\t\t\t\t\t\t\t\t<\/div>\n\t\t\t\t<\/div>\n\t\t<div class=\"elementor-element elementor-element-3b24566 e-con-full e-flex e-con e-child\" data-id=\"3b24566\" data-element_type=\"container\" data-e-type=\"container\">\n\t\t\t\t<div class=\"elementor-element elementor-element-4fe7dc5 elementor-widget elementor-widget-html\" data-id=\"4fe7dc5\" data-element_type=\"widget\" data-e-type=\"widget\" data-widget_type=\"html.default\">\n\t\t\t\t\t<iframe src=\"https:\/\/www.google.com\/maps\/embed?pb=!1m14!1m8!1m3!1d503668.5327372551!2d100.016573!3d9.516513!3m2!1i1024!2i768!4f13.1!3m3!1m2!1s0x3054f7b98069315b%3A0x9dbf976d87305e67!2sTrail%20Blazers%20ATV%20Quad%20Tours%20Koh%20Samui!5e0!3m2!1sfr!2sus!4v1770371520735!5m2!1sfr!2sus\" width=\"600\" height=\"250\" style=\"border:0;\" allowfullscreen=\"\" loading=\"lazy\" referrerpolicy=\"no-referrer-when-downgrade\"><\/iframe>\t\t\t\t<\/div>\n\t\t\t\t<\/div>\n\t\t<div class=\"elementor-element elementor-element-41309ed e-con-full e-flex e-con e-child\" data-id=\"41309ed\" data-element_type=\"container\" data-e-type=\"container\">\n\t\t\t\t<div class=\"elementor-element elementor-element-77c8884 elementor-button-align-stretch elementor-widget elementor-widget-form\" data-id=\"77c8884\" data-element_type=\"widget\" data-e-type=\"widget\" data-settings=\"{&quot;step_next_label&quot;:&quot;N\\u00e4chste&quot;,&quot;step_previous_label&quot;:&quot;Vorherige&quot;,&quot;button_width&quot;:&quot;100&quot;,&quot;step_type&quot;:&quot;number_text&quot;,&quot;step_icon_shape&quot;:&quot;circle&quot;}\" data-widget_type=\"form.default\">\n\t\t\t\t\t\t\t<form class=\"elementor-form\" method=\"post\" name=\"Neues Formular\" aria-label=\"Neues Formular\">\n\t\t\t<input type=\"hidden\" name=\"post_id\" value=\"1383\"\/>\n\t\t\t<input type=\"hidden\" name=\"form_id\" value=\"77c8884\"\/>\n\t\t\t<input type=\"hidden\" name=\"referer_title\" value=\"Lokaler Anbieter f\u00fcr Quad-Touren auf Koh Samui | Trail Blazers\" \/>\n\n\t\t\t\t\t\t\t<input type=\"hidden\" name=\"queried_id\" value=\"1383\"\/>\n\t\t\t\n\t\t\t<div class=\"elementor-form-fields-wrapper elementor-labels-\">\n\t\t\t\t\t\t\t\t<div class=\"elementor-field-type-text elementor-field-group elementor-column elementor-field-group-name elementor-col-50\">\n\t\t\t\t\t\t\t\t\t\t\t\t<label for=\"form-field-name\" class=\"elementor-field-label elementor-screen-only\">\n\t\t\t\t\t\t\t\tName\t\t\t\t\t\t\t<\/label>\n\t\t\t\t\t\t\t\t\t\t\t\t\t\t<input size=\"1\" type=\"text\" name=\"form_fields[name]\" id=\"form-field-name\" class=\"elementor-field elementor-size-sm  elementor-field-textual\" placeholder=\"Name\">\n\t\t\t\t\t\t\t\t\t\t\t<\/div>\n\t\t\t\t\t\t\t\t<div class=\"elementor-field-type-email elementor-field-group elementor-column elementor-field-group-email elementor-col-50 elementor-field-required\">\n\t\t\t\t\t\t\t\t\t\t\t\t<label for=\"form-field-email\" class=\"elementor-field-label elementor-screen-only\">\n\t\t\t\t\t\t\t\tE-Mail\t\t\t\t\t\t\t<\/label>\n\t\t\t\t\t\t\t\t\t\t\t\t\t\t<input size=\"1\" type=\"email\" name=\"form_fields[email]\" id=\"form-field-email\" class=\"elementor-field elementor-size-sm  elementor-field-textual\" placeholder=\"E-Mail\" required=\"required\">\n\t\t\t\t\t\t\t\t\t\t\t<\/div>\n\t\t\t\t\t\t\t\t<div class=\"elementor-field-type-tel elementor-field-group elementor-column elementor-field-group-field_e7d0b65 elementor-col-100 elementor-field-required\">\n\t\t\t\t\t\t\t\t\t\t\t\t<label for=\"form-field-field_e7d0b65\" class=\"elementor-field-label elementor-screen-only\">\n\t\t\t\t\t\t\t\tWhatsApp-Nummer\t\t\t\t\t\t\t<\/label>\n\t\t\t\t\t\t\t\t<input size=\"1\" type=\"tel\" name=\"form_fields[field_e7d0b65]\" id=\"form-field-field_e7d0b65\" class=\"elementor-field elementor-size-sm  elementor-field-textual\" placeholder=\"WhatsApp-Nummer\" required=\"required\" pattern=\"[0-9()#&amp;+*-=.]+\" title=\"Only numbers and phone characters (#, -, *, etc) are accepted.\">\n\n\t\t\t\t\t\t<\/div>\n\t\t\t\t\t\t\t\t<div class=\"elementor-field-type-textarea elementor-field-group elementor-column elementor-field-group-message elementor-col-100\">\n\t\t\t\t\t\t\t\t\t\t\t\t<label for=\"form-field-message\" class=\"elementor-field-label elementor-screen-only\">\n\t\t\t\t\t\t\t\tNachricht\t\t\t\t\t\t\t<\/label>\n\t\t\t\t\t\t<textarea class=\"elementor-field-textual elementor-field  elementor-size-sm\" name=\"form_fields[message]\" id=\"form-field-message\" rows=\"4\" placeholder=\"Nachricht\"><\/textarea>\t\t\t\t<\/div>\n\t\t\t\t\t\t\t\t<div class=\"elementor-field-group elementor-column elementor-field-type-submit elementor-col-100 e-form__buttons\">\n\t\t\t\t\t<button class=\"elementor-button elementor-size-sm\" type=\"submit\">\n\t\t\t\t\t\t<span class=\"elementor-button-content-wrapper\">\n\t\t\t\t\t\t\t\t\t\t\t\t\t\t\t\t\t\t\t\t\t\t<span class=\"elementor-button-text\">Senden<\/span>\n\t\t\t\t\t\t\t\t\t\t\t\t\t<\/span>\n\t\t\t\t\t<\/button>\n\t\t\t\t<\/div>\n\t\t\t<\/div>\n\t\t<\/form>\n\t\t\t\t\t\t<\/div>\n\t\t\t\t<\/div>\n\t\t\t\t\t<\/div>\n\t\t\t\t<\/div>\n\t\t\t\t<\/div>\n\t\t","protected":false},"excerpt":{"rendered":"<p>\u00dcber Trail Blazers Quad-Touren Koh Samui Trail Blazers ATV Tours Koh Samui ist ein lokaler Anbieter f\u00fcr ATV- und Quad-Touren auf der Insel und bietet gef\u00fchrte Offroad-Abenteuer durch den Dschungel, \u00fcber H\u00fcgel und zu malerischen Aussichtspunkten auf Koh Samui. Unsere Touren sind f\u00fcr Reisende konzipiert, die die Insel abseits der Str\u00e4nde auf sichere und aufregende [&hellip;]<\/p>\n","protected":false},"author":1,"featured_media":0,"parent":0,"menu_order":0,"comment_status":"closed","ping_status":"closed","template":"","meta":{"footnotes":""},"class_list":["post-1383","page","type-page","status-publish","hentry"],"_hostinger_reach_plugin_has_subscription_block":false,"_hostinger_reach_plugin_is_elementor":false,"_links":{"self":[{"href":"https:\/\/kohsamuiatv.com\/de\/wp-json\/wp\/v2\/pages\/1383","targetHints":{"allow":["GET"]}}],"collection":[{"href":"https:\/\/kohsamuiatv.com\/de\/wp-json\/wp\/v2\/pages"}],"about":[{"href":"https:\/\/kohsamuiatv.com\/de\/wp-json\/wp\/v2\/types\/page"}],"author":[{"embeddable":true,"href":"https:\/\/kohsamuiatv.com\/de\/wp-json\/wp\/v2\/users\/1"}],"replies":[{"embeddable":true,"href":"https:\/\/kohsamuiatv.com\/de\/wp-json\/wp\/v2\/comments?post=1383"}],"version-history":[{"count":1,"href":"https:\/\/kohsamuiatv.com\/de\/wp-json\/wp\/v2\/pages\/1383\/revisions"}],"predecessor-version":[{"id":1384,"href":"https:\/\/kohsamuiatv.com\/de\/wp-json\/wp\/v2\/pages\/1383\/revisions\/1384"}],"wp:attachment":[{"href":"https:\/\/kohsamuiatv.com\/de\/wp-json\/wp\/v2\/media?parent=1383"}],"curies":[{"name":"wp","href":"https:\/\/api.w.org\/{rel}","templated":true}]}}