{"id":1417,"date":"2026-01-09T17:47:14","date_gmt":"2026-01-09T17:47:14","guid":{"rendered":"https:\/\/kohsamuiatv.com\/datenschutzerklaerung\/"},"modified":"2026-03-26T03:51:43","modified_gmt":"2026-03-26T03:51:43","slug":"datenschutzerklaerung","status":"publish","type":"page","link":"https:\/\/kohsamuiatv.com\/de\/datenschutzerklaerung\/","title":{"rendered":"Datenschutzerkl\u00e4rung"},"content":{"rendered":"\t\t<div data-elementor-type=\"wp-page\" data-elementor-id=\"1417\" class=\"elementor elementor-1417 elementor-3\" data-elementor-post-type=\"page\">\n\t\t\t\t<div class=\"elementor-element elementor-element-68b93944 e-flex e-con-boxed e-con e-parent\" data-id=\"68b93944\" data-element_type=\"container\" data-e-type=\"container\">\n\t\t\t\t\t<div class=\"e-con-inner\">\n\t\t\t\t<div class=\"elementor-element elementor-element-5519a419 elementor-widget elementor-widget-text-editor\" data-id=\"5519a419\" data-element_type=\"widget\" data-e-type=\"widget\" data-widget_type=\"text-editor.default\">\n\t\t\t\t\t\t\t\t\t<p data-start=\"214\" data-end=\"251\"><strong data-start=\"214\" data-end=\"251\">Trail Blazers ATV Tours Koh Samui<\/strong><\/p>\n<p data-start=\"253\" data-end=\"282\"><em data-start=\"253\" data-end=\"282\">Letzte Aktualisierung: Februar 2026<\/em><\/p>\n<p data-start=\"284\" data-end=\"417\">Trail Blazers ATV Tours Koh Samui (\u201ewir\u201c, \u201eunser\u201c, \u201euns\u201c) respektiert Ihre Privatsph\u00e4re und verpflichtet sich zum Schutz Ihrer personenbezogenen Daten.<\/p>\n<p data-start=\"419\" data-end=\"565\">Diese Datenschutzerkl\u00e4rung erl\u00e4utert, wie wir Ihre Daten erfassen, verwenden und sch\u00fctzen, wenn Sie unsere Website besuchen oder uns kontaktieren, um eine Quad-Tour auf Koh Samui zu buchen.<\/p>\n<hr data-start=\"567\" data-end=\"570\" \/>\n<h2 data-start=\"572\" data-end=\"600\">1. Erfasste Daten<\/h2>\n<p data-start=\"602\" data-end=\"656\">Wenn Sie uns kontaktieren oder eine Buchung vornehmen, erfassen wir m\u00f6glicherweise:<\/p>\n<ul data-start=\"658\" data-end=\"804\">\n<li data-start=\"658\" data-end=\"671\">\n<p data-start=\"660\" data-end=\"671\">Ihren Namen<\/p>\n<\/li>\n<li data-start=\"672\" data-end=\"699\">\n<p data-start=\"674\" data-end=\"699\">Telefonnummer (WhatsApp)<\/p>\n<\/li>\n<li data-start=\"700\" data-end=\"731\">\n<p data-start=\"702\" data-end=\"731\">E-Mail-Adresse (falls angegeben)<\/p>\n<\/li>\n<li data-start=\"732\" data-end=\"804\">\n<p data-start=\"734\" data-end=\"804\">Buchungsdetails (Art der Tour, Datum, Anzahl der Teilnehmer, Abholgebiet)<\/p>\n<\/li>\n<\/ul>\n<p data-start=\"806\" data-end=\"855\">Wir erfassen keine sensiblen personenbezogenen Daten.<\/p>\n<hr data-start=\"857\" data-end=\"860\" \/>\n<h2 data-start=\"862\" data-end=\"895\">2. Verwendung Ihrer Daten<\/h2>\n<p data-start=\"897\" data-end=\"929\">Wir verwenden Ihre Daten ausschlie\u00dflich, um:<\/p>\n<ul data-start=\"931\" data-end=\"1066\">\n<li data-start=\"931\" data-end=\"955\">\n<p data-start=\"933\" data-end=\"955\">Auf Anfragen zu antworten<\/p>\n<\/li>\n<li data-start=\"956\" data-end=\"992\">\n<p data-start=\"958\" data-end=\"992\">Tourbuchungen zu best\u00e4tigen und zu verwalten<\/p>\n<\/li>\n<li data-start=\"993\" data-end=\"1037\">\n<p data-start=\"995\" data-end=\"1037\">Abholdetails und Tourinformationen zu versenden<\/p>\n<\/li>\n<li data-start=\"1038\" data-end=\"1066\">\n<p data-start=\"1040\" data-end=\"1066\">Kundenservice zu bieten<\/p>\n<\/li>\n<\/ul>\n<p data-start=\"1068\" data-end=\"1133\">Wir verkaufen Ihre personenbezogenen Daten grunds\u00e4tzlich nicht und geben sie niemals f\u00fcr Marketingzwecke weiter.<\/p>\n<hr data-start=\"1135\" data-end=\"1138\" \/>\n<h2 data-start=\"1140\" data-end=\"1168\">3. WhatsApp-Kommunikation<\/h2>\n<p data-start=\"1170\" data-end=\"1213\">Buchungen werden direkt \u00fcber WhatsApp abgewickelt.<\/p>\n<p data-start=\"1215\" data-end=\"1360\">Wenn Sie uns \u00fcber WhatsApp kontaktieren, stimmen Sie zu, dass Ihre Kontaktdaten und Nachrichten nur f\u00fcr die Buchungskommunikation und den Kundenservice verwendet werden.<\/p>\n<hr data-start=\"1362\" data-end=\"1365\" \/>\n<h2 data-start=\"1367\" data-end=\"1392\">4. Zahlungen \u00fcber Stripe<\/h2>\n<p data-start=\"1394\" data-end=\"1484\">Um eine Reservierung zu best\u00e4tigen, kann eine Anzahlung \u00fcber einen sicheren Stripe-Zahlungslink angefordert werden.<\/p>\n<p data-start=\"1486\" data-end=\"1598\">Stripe kann zahlungsrelevante Daten gem\u00e4\u00df seiner eigenen Datenschutzerkl\u00e4rung verarbeiten:<br data-start=\"1569\" data-end=\"1572\" \/><a class=\"decorated-link\" href=\"https:\/\/stripe.com\/privacy\" target=\"_new\" rel=\"noopener\" data-start=\"1572\" data-end=\"1598\">https:\/\/stripe.com\/privacy<\/a><\/p>\n<p data-start=\"1600\" data-end=\"1675\">Trail Blazers ATV Tours Koh Samui speichert Ihre vollst\u00e4ndigen Zahlungsdaten nicht.<\/p>\n<hr data-start=\"1677\" data-end=\"1680\" \/>\n<h2 data-start=\"1682\" data-end=\"1704\">5. Google Analytics<\/h2>\n<p data-start=\"1706\" data-end=\"1825\">Wir verwenden <strong data-start=\"1713\" data-end=\"1733\">Google Analytics<\/strong>, um die Interaktion unserer Besucher mit der Website besser zu verstehen und die Nutzererfahrung zu verbessern.<\/p>\n<p data-start=\"1827\" data-end=\"1887\">Google Analytics kann anonymisierte Daten erfassen, wie zum Beispiel:<\/p>\n<ul data-start=\"1889\" data-end=\"2004\">\n<li data-start=\"1889\" data-end=\"1906\">\n<p data-start=\"1891\" data-end=\"1906\">Besuchte Seiten<\/p>\n<\/li>\n<li data-start=\"1907\" data-end=\"1936\">\n<p data-start=\"1909\" data-end=\"1936\">Auf der Website verbrachte Zeit<\/p>\n<\/li>\n<li data-start=\"1937\" data-end=\"1964\">\n<p data-start=\"1939\" data-end=\"1964\">Ger\u00e4tetyp und Browser<\/p>\n<\/li>\n<li data-start=\"1965\" data-end=\"2004\">\n<p data-start=\"1967\" data-end=\"2004\">Allgemeiner Standort (L\u00e4nder-\/St\u00e4dteebene)<\/p>\n<\/li>\n<\/ul>\n<p data-start=\"2006\" data-end=\"2091\">Diese Daten werden nur f\u00fcr statistische Zwecke verwendet und lassen keine R\u00fcckschl\u00fcsse auf Ihre Person zu.<\/p>\n<p data-start=\"2093\" data-end=\"2209\">Google kann diese Daten gem\u00e4\u00df seiner eigenen Datenschutzerkl\u00e4rung verarbeiten:<br data-start=\"2171\" data-end=\"2174\" \/><a class=\"decorated-link\" href=\"https:\/\/policies.google.com\/privacy\" target=\"_new\" rel=\"noopener\" data-start=\"2174\" data-end=\"2209\">https:\/\/policies.google.com\/privacy<\/a><\/p>\n<p data-start=\"2211\" data-end=\"2334\">Sie k\u00f6nnen das Tracking durch Google Analytics deaktivieren, indem Sie das offizielle Opt-out-Tool verwenden:<br data-start=\"2291\" data-end=\"2294\" \/><a class=\"decorated-link\" href=\"https:\/\/tools.google.com\/dlpage\/gaoptout\" target=\"_new\" rel=\"noopener\" data-start=\"2294\" data-end=\"2334\">https:\/\/tools.google.com\/dlpage\/gaoptout<\/a><\/p>\n<hr data-start=\"2336\" data-end=\"2339\" \/>\n<h2 data-start=\"2341\" data-end=\"2367\">6. Dienste von Drittanbietern<\/h2>\n<p data-start=\"2369\" data-end=\"2419\">Unsere Website bindet m\u00f6glicherweise Tools von Drittanbietern ein, wie zum Beispiel:<\/p>\n<ul data-start=\"2421\" data-end=\"2542\">\n<li data-start=\"2421\" data-end=\"2462\">\n<p data-start=\"2423\" data-end=\"2462\">Google Maps (zur Anzeige unseres Standorts)<\/p>\n<\/li>\n<li data-start=\"2463\" data-end=\"2504\">\n<p data-start=\"2465\" data-end=\"2504\">WhatsApp-Buttons (f\u00fcr den direkten Kontakt)<\/p>\n<\/li>\n<li data-start=\"2505\" data-end=\"2542\">\n<p data-start=\"2507\" data-end=\"2542\">Stripe-Zahlungslinks (f\u00fcr Anzahlungen)<\/p>\n<\/li>\n<\/ul>\n<p data-start=\"2544\" data-end=\"2632\">Diese Dienste k\u00f6nnen in begrenztem Umfang technische Daten wie Browser- oder Ger\u00e4teinformationen erfassen.<\/p>\n<hr data-start=\"2634\" data-end=\"2637\" \/>\n<h2 data-start=\"2639\" data-end=\"2660\">7. Datensicherheit<\/h2>\n<p data-start=\"2662\" data-end=\"2786\">Wir ergreifen angemessene Ma\u00dfnahmen, um Ihre personenbezogenen Daten zu sch\u00fctzen, und bewahren diese nur so lange auf, wie es f\u00fcr die Abwicklung der Buchung erforderlich ist.<\/p>\n<hr data-start=\"2788\" data-end=\"2791\" \/>\n<h2 data-start=\"2793\" data-end=\"2810\">8. Ihre Rechte<\/h2>\n<p data-start=\"2812\" data-end=\"2840\">Sie k\u00f6nnen jederzeit Folgendes anfordern:<\/p>\n<ul data-start=\"2842\" data-end=\"2921\">\n<li data-start=\"2842\" data-end=\"2874\">\n<p data-start=\"2844\" data-end=\"2874\">Auskunft \u00fcber Ihre personenbezogenen Daten<\/p>\n<\/li>\n<li data-start=\"2875\" data-end=\"2921\">\n<p data-start=\"2877\" data-end=\"2921\">Berichtigung oder L\u00f6schung Ihrer Daten<\/p>\n<\/li>\n<\/ul>\n<p data-start=\"2923\" data-end=\"2960\">Bitte kontaktieren Sie uns hierf\u00fcr direkt.<\/p>\n<hr data-start=\"2962\" data-end=\"2965\" \/>\n<h2 data-start=\"2967\" data-end=\"2992\">9. Kontaktinformationen<\/h2>\n<p data-start=\"2994\" data-end=\"3144\">Trail Blazers ATV Tours Koh Samui<br data-start=\"3027\" data-end=\"3030\" \/>\ud83d\udccd Koh Samui, Surat Thani, Thailand<br data-start=\"3065\" data-end=\"3068\" \/>\ud83d\udcde +66 92-545-9163<br data-start=\"3086\" data-end=\"3089\" \/>\ud83d\udce9 <a class=\"decorated-link cursor-pointer\" rel=\"noopener\" data-start=\"3092\" data-end=\"3113\">kohsamuiatv@gmail.com<\/a><br data-start=\"3113\" data-end=\"3116\" \/>\ud83c\udf10 <a class=\"decorated-link\" href=\"https:\/\/kohsamuiatv.com\/de\/\" target=\"_new\" rel=\"noopener\" data-start=\"3119\" data-end=\"3142\">https:\/\/kohsamuiatv.com<\/a><\/p>\t\t\t\t\t\t\t\t<\/div>\n\t\t\t\t\t<\/div>\n\t\t\t\t<\/div>\n\t\t\t\t<\/div>\n\t\t","protected":false},"excerpt":{"rendered":"<p>Trail Blazers ATV Tours Koh Samui Letzte Aktualisierung: Februar 2026 Trail Blazers ATV Tours Koh Samui (\u201ewir\u201c, \u201eunser\u201c, \u201euns\u201c) respektiert Ihre Privatsph\u00e4re und verpflichtet sich zum Schutz Ihrer personenbezogenen Daten. Diese Datenschutzerkl\u00e4rung erl\u00e4utert, wie wir Ihre Daten erfassen, verwenden und sch\u00fctzen, wenn Sie unsere Website besuchen oder uns kontaktieren, um eine Quad-Tour auf Koh Samui [&hellip;]<\/p>\n","protected":false},"author":1,"featured_media":0,"parent":0,"menu_order":0,"comment_status":"closed","ping_status":"open","template":"","meta":{"footnotes":""},"class_list":["post-1417","page","type-page","status-publish","hentry"],"_hostinger_reach_plugin_has_subscription_block":false,"_hostinger_reach_plugin_is_elementor":false,"_links":{"self":[{"href":"https:\/\/kohsamuiatv.com\/de\/wp-json\/wp\/v2\/pages\/1417","targetHints":{"allow":["GET"]}}],"collection":[{"href":"https:\/\/kohsamuiatv.com\/de\/wp-json\/wp\/v2\/pages"}],"about":[{"href":"https:\/\/kohsamuiatv.com\/de\/wp-json\/wp\/v2\/types\/page"}],"author":[{"embeddable":true,"href":"https:\/\/kohsamuiatv.com\/de\/wp-json\/wp\/v2\/users\/1"}],"replies":[{"embeddable":true,"href":"https:\/\/kohsamuiatv.com\/de\/wp-json\/wp\/v2\/comments?post=1417"}],"version-history":[{"count":1,"href":"https:\/\/kohsamuiatv.com\/de\/wp-json\/wp\/v2\/pages\/1417\/revisions"}],"predecessor-version":[{"id":1418,"href":"https:\/\/kohsamuiatv.com\/de\/wp-json\/wp\/v2\/pages\/1417\/revisions\/1418"}],"wp:attachment":[{"href":"https:\/\/kohsamuiatv.com\/de\/wp-json\/wp\/v2\/media?parent=1417"}],"curies":[{"name":"wp","href":"https:\/\/api.w.org\/{rel}","templated":true}]}}