{"id":1000,"date":"2026-01-19T09:21:04","date_gmt":"2026-01-19T09:21:04","guid":{"rendered":"https:\/\/kohsamuiatv.com\/a-propos\/"},"modified":"2026-03-24T02:42:49","modified_gmt":"2026-03-24T02:42:49","slug":"a-propos","status":"publish","type":"page","link":"https:\/\/kohsamuiatv.com\/fr\/a-propos\/","title":{"rendered":"\u00c0 propos"},"content":{"rendered":"\t\t<div data-elementor-type=\"wp-page\" data-elementor-id=\"1000\" class=\"elementor elementor-1000 elementor-178\" data-elementor-post-type=\"page\">\n\t\t\t\t<div class=\"elementor-element elementor-element-ebc8505 e-flex e-con-boxed e-con e-parent\" data-id=\"ebc8505\" data-element_type=\"container\" data-e-type=\"container\" data-settings=\"{&quot;background_background&quot;:&quot;classic&quot;}\">\n\t\t\t\t\t<div class=\"e-con-inner\">\n\t\t<div class=\"elementor-element elementor-element-5445230 e-flex e-con-boxed e-con e-child\" data-id=\"5445230\" data-element_type=\"container\" data-e-type=\"container\">\n\t\t\t\t\t<div class=\"e-con-inner\">\n\t\t\t\t<div class=\"elementor-element elementor-element-25ad213 elementor-widget__width-initial elementor-widget-tablet__width-initial elementor-widget elementor-widget-image-box\" data-id=\"25ad213\" data-element_type=\"widget\" data-e-type=\"widget\" data-widget_type=\"image-box.default\">\n\t\t\t\t\t<div class=\"elementor-image-box-wrapper\"><div class=\"elementor-image-box-content\"><h2 class=\"elementor-image-box-title\">\u00c0 propos de Trail Blazers ATV Tours Koh Samui<\/h2><p class=\"elementor-image-box-description\">Op\u00e9rateur local bas\u00e9 sur l\u2019\u00eele, Trail Blazers ATV Tours Koh Samui est le sp\u00e9cialiste des excursions en quad. Nous proposons des aventures guid\u00e9es hors piste \u00e0 travers la jungle, les collines et les points de vue spectaculaires de Koh Samui. Nos excursions sont con\u00e7ues pour les voyageurs souhaitant explorer l\u2019\u00eele au-del\u00e0 de ses plages, en alliant s\u00e9curit\u00e9 et sensations fortes.<\/p><\/div><\/div>\t\t\t\t<\/div>\n\t\t\t\t\t<\/div>\n\t\t\t\t<\/div>\n\t\t\t\t\t<\/div>\n\t\t\t\t<\/div>\n\t\t<div class=\"elementor-element elementor-element-b4c1b0a e-flex e-con-boxed e-con e-parent\" data-id=\"b4c1b0a\" data-element_type=\"container\" data-e-type=\"container\">\n\t\t\t\t\t<div class=\"e-con-inner\">\n\t\t<div class=\"elementor-element elementor-element-b553e11 e-con-full e-flex e-con e-child\" data-id=\"b553e11\" data-element_type=\"container\" data-e-type=\"container\" data-settings=\"{&quot;background_background&quot;:&quot;classic&quot;}\">\n\t\t\t\t<div class=\"elementor-element elementor-element-72495e9 elementor-widget elementor-widget-spacer\" data-id=\"72495e9\" data-element_type=\"widget\" data-e-type=\"widget\" data-widget_type=\"spacer.default\">\n\t\t\t\t\t\t\t<div class=\"elementor-spacer\">\n\t\t\t<div class=\"elementor-spacer-inner\"><\/div>\n\t\t<\/div>\n\t\t\t\t\t\t<\/div>\n\t\t\t\t<\/div>\n\t\t<div class=\"elementor-element elementor-element-5455b73 e-con-full e-flex e-con e-child\" data-id=\"5455b73\" data-element_type=\"container\" data-e-type=\"container\">\n\t\t\t\t<div class=\"elementor-element elementor-element-4a19309 elementor-widget__width-initial elementor-widget elementor-widget-heading\" data-id=\"4a19309\" data-element_type=\"widget\" data-e-type=\"widget\" data-widget_type=\"heading.default\">\n\t\t\t\t\t<h1 class=\"elementor-heading-title elementor-size-default\">Agence locale d\u2019excursions en quad \u00e0 Koh Samui<\/h1>\t\t\t\t<\/div>\n\t\t\t\t<div class=\"elementor-element elementor-element-6eec7c6 elementor-widget__width-initial elementor-widget elementor-widget-text-editor\" data-id=\"6eec7c6\" data-element_type=\"widget\" data-e-type=\"widget\" data-widget_type=\"text-editor.default\">\n\t\t\t\t\t\t\t\t\t<p data-start=\"881\" data-end=\"1166\">En tant qu\u2019op\u00e9rateur local, nous connaissons les paysages et les sentiers secrets de Koh Samui sur le bout des doigts. Nos itin\u00e9raires en quad vous emm\u00e8nent \u00e0 travers les sentiers de la jungle tropicale, les cocoteraies et les pistes de montagne offrant des panoramas sur la mer, pour vous d\u00e9voiler la beaut\u00e9 sauvage de l\u2019\u00eele, loin de l\u2019effervescence touristique.<\/p>\n<p data-start=\"1168\" data-end=\"1328\">Nous proposons le transfert depuis l\u2019h\u00f4tel dans la plupart des secteurs de Koh Samui, notamment <strong data-start=\"1220\" data-end=\"1279\">Lamai, Chaweng, Bophut, Maenam, Bangrak et les environs<\/strong>.<\/p>\n\t\t\t\t\t\t\t\t<\/div>\n\t\t\t\t<div class=\"elementor-element elementor-element-a66792d elementor-widget__width-initial elementor-widget elementor-widget-heading\" data-id=\"a66792d\" data-element_type=\"widget\" data-e-type=\"widget\" data-widget_type=\"heading.default\">\n\t\t\t\t\t<h3 class=\"elementor-heading-title elementor-size-default\">S\u00e9curit\u00e9, qualit\u00e9 et encadrement professionnel<\/h3>\t\t\t\t<\/div>\n\t\t\t\t<div class=\"elementor-element elementor-element-7eed159 elementor-widget__width-initial elementor-widget elementor-widget-text-editor\" data-id=\"7eed159\" data-element_type=\"widget\" data-e-type=\"widget\" data-widget_type=\"text-editor.default\">\n\t\t\t\t\t\t\t\t\t<p>La s\u00e9curit\u00e9 est notre priorit\u00e9. Tous les conducteurs re\u00e7oivent un briefing s\u00e9curit\u00e9 complet. Les casques sont fournis et nos quads sont r\u00e9guli\u00e8rement entretenus pour garantir des performances tout-terrain optimales. Nos guides anglophones exp\u00e9riment\u00e9s encadrent chaque excursion pour garantir une balade fluide et agr\u00e9able, que vous soyez d\u00e9butant ou pilote confirm\u00e9.<\/p>\n\t\t\t\t\t\t\t\t<\/div>\n\t\t\t\t<div class=\"elementor-element elementor-element-6fe493c elementor-widget__width-initial elementor-widget elementor-widget-heading\" data-id=\"6fe493c\" data-element_type=\"widget\" data-e-type=\"widget\" data-widget_type=\"heading.default\">\n\t\t\t\t\t<h2 class=\"elementor-heading-title elementor-size-default\">Pourquoi choisir Trail Blazers ATV Tours Koh Samui\u00a0?<\/h2>\t\t\t\t<\/div>\n\t\t\t\t<div class=\"elementor-element elementor-element-5cd84e3 elementor-widget__width-initial elementor-widget elementor-widget-text-editor\" data-id=\"5cd84e3\" data-element_type=\"widget\" data-e-type=\"widget\" data-widget_type=\"text-editor.default\">\n\t\t\t\t\t\t\t\t\t<p data-start=\"1736\" data-end=\"1774\"><span style=\"color: #f28c0f;\">\u2713 <\/span>Agence locale d\u2019excursions en quad \u00e0 Koh Samui<\/p>\n<p data-start=\"1736\" data-end=\"1774\"><span style=\"color: #f28c0f;\">\u2713 <\/span>Itin\u00e9raires pittoresques dans la jungle et les montagnes<\/p>\n<p data-start=\"1815\" data-end=\"1851\"><span style=\"color: #f28c0f;\">\u2713 <\/span>Excursions guid\u00e9es adapt\u00e9es aux d\u00e9butants<\/p>\n<p data-start=\"1854\" data-end=\"1895\"><span style=\"color: #f28c0f;\">\u2713 <\/span>Normes de s\u00e9curit\u00e9 strictes et quads fiables<\/p>\n<p data-start=\"1898\" data-end=\"1940\"><span style=\"color: #f28c0f;\">\u2713 <\/span>Petits groupes et exp\u00e9rience personnalis\u00e9e<\/p>\n\t\t\t\t\t\t\t\t<\/div>\n\t\t\t\t<\/div>\n\t\t\t\t\t<\/div>\n\t\t\t\t<\/div>\n\t\t<div class=\"elementor-element elementor-element-386a63a e-grid e-con-boxed e-con e-parent\" data-id=\"386a63a\" data-element_type=\"container\" data-e-type=\"container\">\n\t\t\t\t\t<div class=\"e-con-inner\">\n\t\t<div class=\"elementor-element elementor-element-df2413a e-con-full e-flex e-con e-child\" data-id=\"df2413a\" data-element_type=\"container\" data-e-type=\"container\">\n\t\t\t\t<div class=\"elementor-element elementor-element-4763f94 elementor-widget__width-initial elementor-widget elementor-widget-heading\" data-id=\"4763f94\" data-element_type=\"widget\" data-e-type=\"widget\" data-widget_type=\"heading.default\">\n\t\t\t\t\t<h2 class=\"elementor-heading-title elementor-size-default\">R\u00e9servation directe et contact<\/h2>\t\t\t\t<\/div>\n\t\t\t\t<div class=\"elementor-element elementor-element-97efa41 elementor-widget__width-initial elementor-widget elementor-widget-text-editor\" data-id=\"97efa41\" data-element_type=\"widget\" data-e-type=\"widget\" data-widget_type=\"text-editor.default\">\n\t\t\t\t\t\t\t\t\t<p>Pr\u00eat \u00e0 r\u00e9server votre aventure en quad \u00e0 Koh Samui\u00a0? Contactez-nous directement pour obtenir des r\u00e9ponses rapides, v\u00e9rifier les disponibilit\u00e9s et r\u00e9server en toute simplicit\u00e9. Joignez-nous par WhatsApp ou via le formulaire de contact, consultez les zones de navette et retrouvez-nous sur Google Maps pour une organisation en toute s\u00e9r\u00e9nit\u00e9.<\/p>\n\t\t\t\t\t\t\t\t<\/div>\n\t\t\t\t<div class=\"elementor-element elementor-element-14e4514 elementor-align-left elementor-widget__width-auto elementor-mobile-align-justify elementor-widget elementor-widget-button\" data-id=\"14e4514\" data-element_type=\"widget\" data-e-type=\"widget\" data-widget_type=\"button.default\">\n\t\t\t\t\t\t\t\t\t\t<a class=\"elementor-button elementor-button-link elementor-size-sm\" href=\"https:\/\/api.whatsapp.com\/send?phone=+66925459163\" target=\"_blank\" rel=\"noopener\">\n\t\t\t\t\t\t<span class=\"elementor-button-content-wrapper\">\n\t\t\t\t\t\t\t\t\t<span class=\"elementor-button-text\">R\u00e9server par WhatsApp<\/span>\n\t\t\t\t\t<\/span>\n\t\t\t\t\t<\/a>\n\t\t\t\t\t\t\t\t<\/div>\n\t\t\t\t<\/div>\n\t\t<div class=\"elementor-element elementor-element-3b24566 e-con-full e-flex e-con e-child\" data-id=\"3b24566\" data-element_type=\"container\" data-e-type=\"container\">\n\t\t\t\t<div class=\"elementor-element elementor-element-4fe7dc5 elementor-widget elementor-widget-html\" data-id=\"4fe7dc5\" data-element_type=\"widget\" data-e-type=\"widget\" data-widget_type=\"html.default\">\n\t\t\t\t\t<iframe src=\"https:\/\/www.google.com\/maps\/embed?pb=!1m14!1m8!1m3!1d503668.5327372551!2d100.016573!3d9.516513!3m2!1i1024!2i768!4f13.1!3m3!1m2!1s0x3054f7b98069315b%3A0x9dbf976d87305e67!2sTrail%20Blazers%20ATV%20Quad%20Tours%20Koh%20Samui!5e0!3m2!1sfr!2sus!4v1770371520735!5m2!1sfr!2sus\" width=\"600\" height=\"250\" style=\"border:0;\" allowfullscreen=\"\" loading=\"lazy\" referrerpolicy=\"no-referrer-when-downgrade\"><\/iframe>\t\t\t\t<\/div>\n\t\t\t\t<\/div>\n\t\t<div class=\"elementor-element elementor-element-41309ed e-con-full e-flex e-con e-child\" data-id=\"41309ed\" data-element_type=\"container\" data-e-type=\"container\">\n\t\t\t\t<div class=\"elementor-element elementor-element-77c8884 elementor-button-align-stretch elementor-widget elementor-widget-form\" data-id=\"77c8884\" data-element_type=\"widget\" data-e-type=\"widget\" data-settings=\"{&quot;step_next_label&quot;:&quot;Suivant&quot;,&quot;step_previous_label&quot;:&quot;Pr\\u00e9c\\u00e9dent&quot;,&quot;button_width&quot;:&quot;100&quot;,&quot;step_type&quot;:&quot;number_text&quot;,&quot;step_icon_shape&quot;:&quot;circle&quot;}\" data-widget_type=\"form.default\">\n\t\t\t\t\t\t\t<form class=\"elementor-form\" method=\"post\" name=\"Nouveau formulaire\" aria-label=\"Nouveau formulaire\">\n\t\t\t<input type=\"hidden\" name=\"post_id\" value=\"1000\"\/>\n\t\t\t<input type=\"hidden\" name=\"form_id\" value=\"77c8884\"\/>\n\t\t\t<input type=\"hidden\" name=\"referer_title\" value=\"Agence locale d\u2019excursions en quad \u00e0 Koh Samui | Trail Blazers\" \/>\n\n\t\t\t\t\t\t\t<input type=\"hidden\" name=\"queried_id\" value=\"1000\"\/>\n\t\t\t\n\t\t\t<div class=\"elementor-form-fields-wrapper elementor-labels-\">\n\t\t\t\t\t\t\t\t<div class=\"elementor-field-type-text elementor-field-group elementor-column elementor-field-group-name elementor-col-50\">\n\t\t\t\t\t\t\t\t\t\t\t\t<label for=\"form-field-name\" class=\"elementor-field-label elementor-screen-only\">\n\t\t\t\t\t\t\t\tNom\t\t\t\t\t\t\t<\/label>\n\t\t\t\t\t\t\t\t\t\t\t\t\t\t<input size=\"1\" type=\"text\" name=\"form_fields[name]\" id=\"form-field-name\" class=\"elementor-field elementor-size-sm  elementor-field-textual\" placeholder=\"Nom\">\n\t\t\t\t\t\t\t\t\t\t\t<\/div>\n\t\t\t\t\t\t\t\t<div class=\"elementor-field-type-email elementor-field-group elementor-column elementor-field-group-email elementor-col-50 elementor-field-required\">\n\t\t\t\t\t\t\t\t\t\t\t\t<label for=\"form-field-email\" class=\"elementor-field-label elementor-screen-only\">\n\t\t\t\t\t\t\t\tE-mail\t\t\t\t\t\t\t<\/label>\n\t\t\t\t\t\t\t\t\t\t\t\t\t\t<input size=\"1\" type=\"email\" name=\"form_fields[email]\" id=\"form-field-email\" class=\"elementor-field elementor-size-sm  elementor-field-textual\" placeholder=\"E-mail\" required=\"required\">\n\t\t\t\t\t\t\t\t\t\t\t<\/div>\n\t\t\t\t\t\t\t\t<div class=\"elementor-field-type-tel elementor-field-group elementor-column elementor-field-group-field_e7d0b65 elementor-col-100 elementor-field-required\">\n\t\t\t\t\t\t\t\t\t\t\t\t<label for=\"form-field-field_e7d0b65\" class=\"elementor-field-label elementor-screen-only\">\n\t\t\t\t\t\t\t\tNum\u00e9ro WhatsApp\t\t\t\t\t\t\t<\/label>\n\t\t\t\t\t\t\t\t<input size=\"1\" type=\"tel\" name=\"form_fields[field_e7d0b65]\" id=\"form-field-field_e7d0b65\" class=\"elementor-field elementor-size-sm  elementor-field-textual\" placeholder=\"Num\u00e9ro WhatsApp\" required=\"required\" pattern=\"[0-9()#&amp;+*-=.]+\" title=\"Only numbers and phone characters (#, -, *, etc) are accepted.\">\n\n\t\t\t\t\t\t<\/div>\n\t\t\t\t\t\t\t\t<div class=\"elementor-field-type-textarea elementor-field-group elementor-column elementor-field-group-message elementor-col-100\">\n\t\t\t\t\t\t\t\t\t\t\t\t<label for=\"form-field-message\" class=\"elementor-field-label elementor-screen-only\">\n\t\t\t\t\t\t\t\tMessage\t\t\t\t\t\t\t<\/label>\n\t\t\t\t\t\t<textarea class=\"elementor-field-textual elementor-field  elementor-size-sm\" name=\"form_fields[message]\" id=\"form-field-message\" rows=\"4\" placeholder=\"Message\"><\/textarea>\t\t\t\t<\/div>\n\t\t\t\t\t\t\t\t<div class=\"elementor-field-group elementor-column elementor-field-type-submit elementor-col-100 e-form__buttons\">\n\t\t\t\t\t<button class=\"elementor-button elementor-size-sm\" type=\"submit\">\n\t\t\t\t\t\t<span class=\"elementor-button-content-wrapper\">\n\t\t\t\t\t\t\t\t\t\t\t\t\t\t\t\t\t\t\t\t\t\t<span class=\"elementor-button-text\">Envoyer<\/span>\n\t\t\t\t\t\t\t\t\t\t\t\t\t<\/span>\n\t\t\t\t\t<\/button>\n\t\t\t\t<\/div>\n\t\t\t<\/div>\n\t\t<\/form>\n\t\t\t\t\t\t<\/div>\n\t\t\t\t<\/div>\n\t\t\t\t\t<\/div>\n\t\t\t\t<\/div>\n\t\t\t\t<\/div>\n\t\t","protected":false},"excerpt":{"rendered":"<p>\u00c0 propos de Trail Blazers ATV Tours Koh Samui Op\u00e9rateur local bas\u00e9 sur l\u2019\u00eele, Trail Blazers ATV Tours Koh Samui est le sp\u00e9cialiste des excursions en quad. Nous proposons des aventures guid\u00e9es hors piste \u00e0 travers la jungle, les collines et les points de vue spectaculaires de Koh Samui. Nos excursions sont con\u00e7ues pour les [&hellip;]<\/p>\n","protected":false},"author":1,"featured_media":0,"parent":0,"menu_order":0,"comment_status":"closed","ping_status":"closed","template":"","meta":{"footnotes":""},"class_list":["post-1000","page","type-page","status-publish","hentry"],"_hostinger_reach_plugin_has_subscription_block":false,"_hostinger_reach_plugin_is_elementor":false,"_links":{"self":[{"href":"https:\/\/kohsamuiatv.com\/fr\/wp-json\/wp\/v2\/pages\/1000","targetHints":{"allow":["GET"]}}],"collection":[{"href":"https:\/\/kohsamuiatv.com\/fr\/wp-json\/wp\/v2\/pages"}],"about":[{"href":"https:\/\/kohsamuiatv.com\/fr\/wp-json\/wp\/v2\/types\/page"}],"author":[{"embeddable":true,"href":"https:\/\/kohsamuiatv.com\/fr\/wp-json\/wp\/v2\/users\/1"}],"replies":[{"embeddable":true,"href":"https:\/\/kohsamuiatv.com\/fr\/wp-json\/wp\/v2\/comments?post=1000"}],"version-history":[{"count":7,"href":"https:\/\/kohsamuiatv.com\/fr\/wp-json\/wp\/v2\/pages\/1000\/revisions"}],"predecessor-version":[{"id":1359,"href":"https:\/\/kohsamuiatv.com\/fr\/wp-json\/wp\/v2\/pages\/1000\/revisions\/1359"}],"wp:attachment":[{"href":"https:\/\/kohsamuiatv.com\/fr\/wp-json\/wp\/v2\/media?parent=1000"}],"curies":[{"name":"wp","href":"https:\/\/api.w.org\/{rel}","templated":true}]}}