{"id":1030,"date":"2026-01-09T17:47:14","date_gmt":"2026-01-09T17:47:14","guid":{"rendered":"https:\/\/kohsamuiatv.com\/politique-de-confidentialite\/"},"modified":"2026-03-24T02:43:20","modified_gmt":"2026-03-24T02:43:20","slug":"politique-de-confidentialite","status":"publish","type":"page","link":"https:\/\/kohsamuiatv.com\/fr\/politique-de-confidentialite\/","title":{"rendered":"Politique de confidentialit\u00e9"},"content":{"rendered":"\t\t<div data-elementor-type=\"wp-page\" data-elementor-id=\"1030\" class=\"elementor elementor-1030 elementor-3\" data-elementor-post-type=\"page\">\n\t\t\t\t<div class=\"elementor-element elementor-element-68b93944 e-flex e-con-boxed e-con e-parent\" data-id=\"68b93944\" data-element_type=\"container\" data-e-type=\"container\">\n\t\t\t\t\t<div class=\"e-con-inner\">\n\t\t\t\t<div class=\"elementor-element elementor-element-5519a419 elementor-widget elementor-widget-text-editor\" data-id=\"5519a419\" data-element_type=\"widget\" data-e-type=\"widget\" data-widget_type=\"text-editor.default\">\n\t\t\t\t\t\t\t\t\t<p data-start=\"214\" data-end=\"251\"><strong data-start=\"214\" data-end=\"251\">Trail Blazers ATV Tours Koh Samui<\/strong><\/p>\n<p data-start=\"253\" data-end=\"282\"><em data-start=\"253\" data-end=\"282\">Derni\u00e8re mise \u00e0 jour\u00a0: f\u00e9vrier 2026<\/em><\/p>\n<p data-start=\"284\" data-end=\"417\">Trail Blazers ATV Tours Koh Samui (\u00ab\u00a0nous\u00a0\u00bb, \u00ab\u00a0notre\u00a0\u00bb, \u00ab\u00a0nos\u00a0\u00bb) respecte votre vie priv\u00e9e et s\u2019engage \u00e0 prot\u00e9ger vos donn\u00e9es personnelles.<\/p>\n<p data-start=\"419\" data-end=\"565\">Cette politique de confidentialit\u00e9 explique comment nous collectons, utilisons et prot\u00e9geons vos donn\u00e9es lorsque vous visitez notre site Web ou nous contactez pour r\u00e9server une excursion en quad \u00e0 Koh Samui.<\/p>\n<hr data-start=\"567\" data-end=\"570\" \/>\n<h2 data-start=\"572\" data-end=\"600\">1. Donn\u00e9es que nous collectons<\/h2>\n<p data-start=\"602\" data-end=\"656\">Lorsque vous nous contactez ou effectuez une r\u00e9servation, nous pouvons collecter\u00a0:<\/p>\n<ul data-start=\"658\" data-end=\"804\">\n<li data-start=\"658\" data-end=\"671\">\n<p data-start=\"660\" data-end=\"671\">Votre nom<\/p>\n<\/li>\n<li data-start=\"672\" data-end=\"699\">\n<p data-start=\"674\" data-end=\"699\">Votre num\u00e9ro de t\u00e9l\u00e9phone (WhatsApp)<\/p>\n<\/li>\n<li data-start=\"700\" data-end=\"731\">\n<p data-start=\"702\" data-end=\"731\">Votre adresse e-mail (si fournie)<\/p>\n<\/li>\n<li data-start=\"732\" data-end=\"804\">\n<p data-start=\"734\" data-end=\"804\">Les d\u00e9tails de votre r\u00e9servation (type d\u2019excursion, date, nombre de participants, lieu de rendez-vous)<\/p>\n<\/li>\n<\/ul>\n<p data-start=\"806\" data-end=\"855\">Nous ne collectons aucune donn\u00e9e \u00e0 caract\u00e8re personnel qualifi\u00e9e de sensible.<\/p>\n<hr data-start=\"857\" data-end=\"860\" \/>\n<h2 data-start=\"862\" data-end=\"895\">2. Utilisation de vos donn\u00e9es<\/h2>\n<p data-start=\"897\" data-end=\"929\">Nous utilisons vos donn\u00e9es uniquement pour\u00a0:<\/p>\n<ul data-start=\"931\" data-end=\"1066\">\n<li data-start=\"931\" data-end=\"955\">\n<p data-start=\"933\" data-end=\"955\">R\u00e9pondre \u00e0 vos demandes<\/p>\n<\/li>\n<li data-start=\"956\" data-end=\"992\">\n<p data-start=\"958\" data-end=\"992\">Confirmer et g\u00e9rer vos r\u00e9servations d\u2019excursions<\/p>\n<\/li>\n<li data-start=\"993\" data-end=\"1037\">\n<p data-start=\"995\" data-end=\"1037\">Vous envoyer les informations sur l\u2019excursion et l\u2019heure de votre prise en charge<\/p>\n<\/li>\n<li data-start=\"1038\" data-end=\"1066\">\n<p data-start=\"1040\" data-end=\"1066\">Vous fournir une assistance client<\/p>\n<\/li>\n<\/ul>\n<p data-start=\"1068\" data-end=\"1133\">Nous ne vendons ni ne partageons jamais vos donn\u00e9es personnelles \u00e0 des fins commerciales.<\/p>\n<hr data-start=\"1135\" data-end=\"1138\" \/>\n<h2 data-start=\"1140\" data-end=\"1168\">3. Communications via WhatsApp<\/h2>\n<p data-start=\"1170\" data-end=\"1213\">Les r\u00e9servations sont g\u00e9r\u00e9es directement via WhatsApp.<\/p>\n<p data-start=\"1215\" data-end=\"1360\">En nous contactant par WhatsApp, vous acceptez que vos coordonn\u00e9es et messages soient utilis\u00e9s uniquement pour la communication relative aux r\u00e9servations et le service client.<\/p>\n<hr data-start=\"1362\" data-end=\"1365\" \/>\n<h2 data-start=\"1367\" data-end=\"1392\">4. Paiements via Stripe<\/h2>\n<p data-start=\"1394\" data-end=\"1484\">Pour confirmer une r\u00e9servation, un acompte peut vous \u00eatre demand\u00e9 via un lien de paiement s\u00e9curis\u00e9 Stripe.<\/p>\n<p data-start=\"1486\" data-end=\"1598\">Stripe peut traiter les informations li\u00e9es au paiement conform\u00e9ment \u00e0 sa propre politique de confidentialit\u00e9\u00a0:<br data-start=\"1569\" data-end=\"1572\" \/><a class=\"decorated-link\" href=\"https:\/\/stripe.com\/privacy\" target=\"_new\" rel=\"noopener\" data-start=\"1572\" data-end=\"1598\">https:\/\/stripe.com\/privacy<\/a><\/p>\n<p data-start=\"1600\" data-end=\"1675\">Trail Blazers ATV Tours Koh Samui ne conserve pas l\u2019int\u00e9gralit\u00e9 de vos informations de paiement.<\/p>\n<hr data-start=\"1677\" data-end=\"1680\" \/>\n<h2 data-start=\"1682\" data-end=\"1704\">5. Google Analytics<\/h2>\n<p data-start=\"1706\" data-end=\"1825\">Nous utilisons <strong data-start=\"1713\" data-end=\"1733\">Google Analytics<\/strong> pour mieux comprendre la fa\u00e7on dont les visiteurs interagissent avec notre site Web et pour am\u00e9liorer l\u2019exp\u00e9rience utilisateur.<\/p>\n<p data-start=\"1827\" data-end=\"1887\">Google Analytics peut collecter des informations anonymis\u00e9es telles que\u00a0:<\/p>\n<ul data-start=\"1889\" data-end=\"2004\">\n<li data-start=\"1889\" data-end=\"1906\">\n<p data-start=\"1891\" data-end=\"1906\">Les pages visit\u00e9es<\/p>\n<\/li>\n<li data-start=\"1907\" data-end=\"1936\">\n<p data-start=\"1909\" data-end=\"1936\">Le temps pass\u00e9 sur le site<\/p>\n<\/li>\n<li data-start=\"1937\" data-end=\"1964\">\n<p data-start=\"1939\" data-end=\"1964\">Le type d\u2019appareil et le navigateur utilis\u00e9s<\/p>\n<\/li>\n<li data-start=\"1965\" data-end=\"2004\">\n<p data-start=\"1967\" data-end=\"2004\">La localisation g\u00e9n\u00e9rale (\u00e0 l\u2019\u00e9chelle du pays ou de la ville)<\/p>\n<\/li>\n<\/ul>\n<p data-start=\"2006\" data-end=\"2091\">Ces donn\u00e9es sont utilis\u00e9es uniquement \u00e0 des fins statistiques et ne permettent pas de vous identifier personnellement.<\/p>\n<p data-start=\"2093\" data-end=\"2209\">Google peut traiter ces informations conform\u00e9ment \u00e0 sa propre politique de confidentialit\u00e9\u00a0:<br data-start=\"2171\" data-end=\"2174\" \/><a class=\"decorated-link\" href=\"https:\/\/policies.google.com\/privacy\" target=\"_new\" rel=\"noopener\" data-start=\"2174\" data-end=\"2209\">https:\/\/policies.google.com\/privacy<\/a><\/p>\n<p data-start=\"2211\" data-end=\"2334\">Vous pouvez d\u00e9sactiver le suivi de Google Analytics en utilisant l\u2019outil de d\u00e9sactivation officiel\u00a0:<br data-start=\"2291\" data-end=\"2294\" \/><a class=\"decorated-link\" href=\"https:\/\/tools.google.com\/dlpage\/gaoptout\" target=\"_new\" rel=\"noopener\" data-start=\"2294\" data-end=\"2334\">https:\/\/tools.google.com\/dlpage\/gaoptout<\/a><\/p>\n<hr data-start=\"2336\" data-end=\"2339\" \/>\n<h2 data-start=\"2341\" data-end=\"2367\">6. Services tiers<\/h2>\n<p data-start=\"2369\" data-end=\"2419\">Notre site Web peut int\u00e9grer des outils tiers tels que\u00a0:<\/p>\n<ul data-start=\"2421\" data-end=\"2542\">\n<li data-start=\"2421\" data-end=\"2462\">\n<p data-start=\"2423\" data-end=\"2462\">Google Maps (pour afficher notre emplacement)<\/p>\n<\/li>\n<li data-start=\"2463\" data-end=\"2504\">\n<p data-start=\"2465\" data-end=\"2504\">Des boutons WhatsApp (pour un contact direct)<\/p>\n<\/li>\n<li data-start=\"2505\" data-end=\"2542\">\n<p data-start=\"2507\" data-end=\"2542\">Des liens de paiement Stripe (pour le r\u00e8glement des acomptes)<\/p>\n<\/li>\n<\/ul>\n<p data-start=\"2544\" data-end=\"2632\">Ces services peuvent collecter des donn\u00e9es techniques limit\u00e9es telles que des informations sur le navigateur ou l\u2019appareil.<\/p>\n<hr data-start=\"2634\" data-end=\"2637\" \/>\n<h2 data-start=\"2639\" data-end=\"2660\">7. Protection des donn\u00e9es<\/h2>\n<p data-start=\"2662\" data-end=\"2786\">Nous prenons des mesures raisonnables pour prot\u00e9ger vos donn\u00e9es personnelles et ne les conservons que le temps n\u00e9cessaire au traitement de votre r\u00e9servation.<\/p>\n<hr data-start=\"2788\" data-end=\"2791\" \/>\n<h2 data-start=\"2793\" data-end=\"2810\">8. Vos droits<\/h2>\n<p data-start=\"2812\" data-end=\"2840\">Vous pouvez demander \u00e0 tout moment\u00a0:<\/p>\n<ul data-start=\"2842\" data-end=\"2921\">\n<li data-start=\"2842\" data-end=\"2874\">\n<p data-start=\"2844\" data-end=\"2874\">L\u2019acc\u00e8s \u00e0 vos donn\u00e9es personnelles<\/p>\n<\/li>\n<li data-start=\"2875\" data-end=\"2921\">\n<p data-start=\"2877\" data-end=\"2921\">La rectification ou la suppression de vos donn\u00e9es<\/p>\n<\/li>\n<\/ul>\n<p data-start=\"2923\" data-end=\"2960\">Pour ce faire, veuillez nous contacter directement.<\/p>\n<hr data-start=\"2962\" data-end=\"2965\" \/>\n<h2 data-start=\"2967\" data-end=\"2992\">9. Coordonn\u00e9es<\/h2>\n<p data-start=\"2994\" data-end=\"3144\">Trail Blazers ATV Tours Koh Samui<br data-start=\"3027\" data-end=\"3030\" \/>\ud83d\udccd Koh Samui, Surat Thani, Thailand<br data-start=\"3065\" data-end=\"3068\" \/>\ud83d\udcde +66925459163<br data-start=\"3086\" data-end=\"3089\" \/>\ud83d\udce9 <a class=\"decorated-link cursor-pointer\" rel=\"noopener\" data-start=\"3092\" data-end=\"3113\">kohsamuiatv@gmail.com<\/a><br data-start=\"3113\" data-end=\"3116\" \/>\ud83c\udf10 <a class=\"decorated-link\" href=\"https:\/\/kohsamuiatv.com\/fr\/\" target=\"_new\" rel=\"noopener\" data-start=\"3119\" data-end=\"3142\">https:\/\/kohsamuiatv.com<\/a><\/p>\t\t\t\t\t\t\t\t<\/div>\n\t\t\t\t\t<\/div>\n\t\t\t\t<\/div>\n\t\t\t\t<\/div>\n\t\t","protected":false},"excerpt":{"rendered":"<p>Trail Blazers ATV Tours Koh Samui Derni\u00e8re mise \u00e0 jour\u00a0: f\u00e9vrier 2026 Trail Blazers ATV Tours Koh Samui (\u00ab\u00a0nous\u00a0\u00bb, \u00ab\u00a0notre\u00a0\u00bb, \u00ab\u00a0nos\u00a0\u00bb) respecte votre vie priv\u00e9e et s\u2019engage \u00e0 prot\u00e9ger vos donn\u00e9es personnelles. Cette politique de confidentialit\u00e9 explique comment nous collectons, utilisons et prot\u00e9geons vos donn\u00e9es lorsque vous visitez notre site Web ou nous contactez pour [&hellip;]<\/p>\n","protected":false},"author":1,"featured_media":0,"parent":0,"menu_order":0,"comment_status":"closed","ping_status":"open","template":"","meta":{"footnotes":""},"class_list":["post-1030","page","type-page","status-publish","hentry"],"_hostinger_reach_plugin_has_subscription_block":false,"_hostinger_reach_plugin_is_elementor":false,"_links":{"self":[{"href":"https:\/\/kohsamuiatv.com\/fr\/wp-json\/wp\/v2\/pages\/1030","targetHints":{"allow":["GET"]}}],"collection":[{"href":"https:\/\/kohsamuiatv.com\/fr\/wp-json\/wp\/v2\/pages"}],"about":[{"href":"https:\/\/kohsamuiatv.com\/fr\/wp-json\/wp\/v2\/types\/page"}],"author":[{"embeddable":true,"href":"https:\/\/kohsamuiatv.com\/fr\/wp-json\/wp\/v2\/users\/1"}],"replies":[{"embeddable":true,"href":"https:\/\/kohsamuiatv.com\/fr\/wp-json\/wp\/v2\/comments?post=1030"}],"version-history":[{"count":7,"href":"https:\/\/kohsamuiatv.com\/fr\/wp-json\/wp\/v2\/pages\/1030\/revisions"}],"predecessor-version":[{"id":1365,"href":"https:\/\/kohsamuiatv.com\/fr\/wp-json\/wp\/v2\/pages\/1030\/revisions\/1365"}],"wp:attachment":[{"href":"https:\/\/kohsamuiatv.com\/fr\/wp-json\/wp\/v2\/media?parent=1030"}],"curies":[{"name":"wp","href":"https:\/\/api.w.org\/{rel}","templated":true}]}}